{"id":5734,"date":"2024-04-08T07:33:07","date_gmt":"2024-04-08T07:33:07","guid":{"rendered":"https:\/\/www.learningcube.ch\/?page_id=5734"},"modified":"2024-04-17T13:25:01","modified_gmt":"2024-04-17T13:25:01","slug":"agb","status":"publish","type":"page","link":"https:\/\/www.learningcube.ch\/en\/agb\/","title":{"rendered":"AGB"},"content":{"rendered":"<div data-elementor-type=\"wp-page\" data-elementor-id=\"5734\" class=\"elementor elementor-5734\">\n\t\t\t\t\t\t<section class=\"elementor-section elementor-top-section elementor-element elementor-element-963f165 elementor-section-boxed elementor-section-height-default elementor-section-height-default\" data-id=\"963f165\" data-element_type=\"section\">\n\t\t\t\t\t\t<div class=\"elementor-container elementor-column-gap-default\">\n\t\t\t\t\t<div class=\"elementor-column elementor-col-100 elementor-top-column elementor-element elementor-element-9a59b22\" data-id=\"9a59b22\" data-element_type=\"column\">\n\t\t\t<div class=\"elementor-widget-wrap elementor-element-populated\">\n\t\t\t\t\t\t<div class=\"elementor-element elementor-element-118c14d elementor-widget elementor-widget-heading\" data-id=\"118c14d\" data-element_type=\"widget\" data-widget_type=\"heading.default\">\n\t\t\t\t<div class=\"elementor-widget-container\">\n\t\t\t<h1 class=\"elementor-heading-title elementor-size-default\">General Terms and Conditions<\/h1>\t\t<\/div>\n\t\t\t\t<\/div>\n\t\t\t\t<div class=\"elementor-element elementor-element-92ba69b elementor-widget elementor-widget-heading\" data-id=\"92ba69b\" data-element_type=\"widget\" data-widget_type=\"heading.default\">\n\t\t\t\t<div class=\"elementor-widget-container\">\n\t\t\t<h2 class=\"elementor-heading-title elementor-size-default\">Scope of application<\/h2>\t\t<\/div>\n\t\t\t\t<\/div>\n\t\t\t\t<div class=\"elementor-element elementor-element-d4ff10a elementor-widget elementor-widget-text-editor\" data-id=\"d4ff10a\" data-element_type=\"widget\" data-widget_type=\"text-editor.default\">\n\t\t\t\t<div class=\"elementor-widget-container\">\n\t\t\t\t\t\t\t<p><span>These general terms and conditions apply to all Germancube\/LanguageCube\/LearningCube offers. Legally valid registration is<\/span><\/p><ul><li><span>The registration form signed by you<\/span><\/li><li><span>Your registration by phone or e-mail<\/span><\/li><li><span>An offer accepted by us<\/span><\/li><\/ul>\t\t\t\t\t\t<\/div>\n\t\t\t\t<\/div>\n\t\t\t\t<div class=\"elementor-element elementor-element-60a41e2 elementor-widget__width-initial elementor-widget elementor-widget-heading\" data-id=\"60a41e2\" data-element_type=\"widget\" data-widget_type=\"heading.default\">\n\t\t\t\t<div class=\"elementor-widget-container\">\n\t\t\t<h2 class=\"elementor-heading-title elementor-size-default\">Registration<\/h2>\t\t<\/div>\n\t\t\t\t<\/div>\n\t\t\t\t<div class=\"elementor-element elementor-element-554384c elementor-widget elementor-widget-text-editor\" data-id=\"554384c\" data-element_type=\"widget\" data-widget_type=\"text-editor.default\">\n\t\t\t\t<div class=\"elementor-widget-container\">\n\t\t\t\t\t\t\t<p><span>A legally valid registration requires payment of the course fee before the start of the course. Non-payment of the course fee is not considered a deregistration. The course fee will not be refunded in the event of non-attendance. However, the course can be transferred to a third person. Joining after the start of the course If places are available, you can join a current course at any time. The course fees will be charged from the date of entry.<\/span><\/p>\t\t\t\t\t\t<\/div>\n\t\t\t\t<\/div>\n\t\t\t\t<div class=\"elementor-element elementor-element-e205c64 elementor-widget__width-initial elementor-widget elementor-widget-heading\" data-id=\"e205c64\" data-element_type=\"widget\" data-widget_type=\"heading.default\">\n\t\t\t\t<div class=\"elementor-widget-container\">\n\t\t\t<h2 class=\"elementor-heading-title elementor-size-default\">Postponement\/cancellation<\/h2>\t\t<\/div>\n\t\t\t\t<\/div>\n\t\t\t\t<div class=\"elementor-element elementor-element-f6ae1fe elementor-widget elementor-widget-text-editor\" data-id=\"f6ae1fe\" data-element_type=\"widget\" data-widget_type=\"text-editor.default\">\n\t\t\t\t<div class=\"elementor-widget-container\">\n\t\t\t\t\t\t\t<p><span>Cancellations up to 14 days before the start of the course will be charged a processing fee of CHF 100. Cancellations between the 13th and 7th day before the start of the course will be charged 50% of the course fee. From the 7th day before the start of the course, 80% of the course fee will be charged. In serious cases, an exception may be made at the discretion of the management. This decision is at the discretion of the management.<\/span><\/p>\t\t\t\t\t\t<\/div>\n\t\t\t\t<\/div>\n\t\t\t\t<div class=\"elementor-element elementor-element-e547239 elementor-widget__width-initial elementor-widget elementor-widget-heading\" data-id=\"e547239\" data-element_type=\"widget\" data-widget_type=\"heading.default\">\n\t\t\t\t<div class=\"elementor-widget-container\">\n\t\t\t<h2 class=\"elementor-heading-title elementor-size-default\">Absences\/vacations<\/h2>\t\t<\/div>\n\t\t\t\t<\/div>\n\t\t\t\t<div class=\"elementor-element elementor-element-ac810aa elementor-widget elementor-widget-text-editor\" data-id=\"ac810aa\" data-element_type=\"widget\" data-widget_type=\"text-editor.default\">\n\t\t\t\t<div class=\"elementor-widget-container\">\n\t\t\t\t\t\t\t<p><span>Unattended course days (semi-intensive groups) can neither be made up nor refunded.<\/span><\/p><p><span>For subscriptions of Skype hours applies:<\/span><\/p><ul><li><span>10-pack subscription: redeemable within <\/span><span>12 weeks<\/span><\/li><li><span>5-pack subscription: redeemable within 7 weeks<\/span><\/li><\/ul>\t\t\t\t\t\t<\/div>\n\t\t\t\t<\/div>\n\t\t\t\t<div class=\"elementor-element elementor-element-43dbcb7 elementor-widget__width-initial elementor-widget elementor-widget-heading\" data-id=\"43dbcb7\" data-element_type=\"widget\" data-widget_type=\"heading.default\">\n\t\t\t\t<div class=\"elementor-widget-container\">\n\t\t\t<h2 class=\"elementor-heading-title elementor-size-default\">Course cancellation<\/h2>\t\t<\/div>\n\t\t\t\t<\/div>\n\t\t\t\t<div class=\"elementor-element elementor-element-7b59d69 elementor-widget elementor-widget-text-editor\" data-id=\"7b59d69\" data-element_type=\"widget\" data-widget_type=\"text-editor.default\">\n\t\t\t\t<div class=\"elementor-widget-container\">\n\t\t\t\t\t\t\t<p><span>If a course day is canceled, it will be made up after consultation with the group. If this is not possible, the canceled lesson will be credited to your customer account.<\/span><\/p>\t\t\t\t\t\t<\/div>\n\t\t\t\t<\/div>\n\t\t\t\t<div class=\"elementor-element elementor-element-64be3dc elementor-widget__width-initial elementor-widget elementor-widget-heading\" data-id=\"64be3dc\" data-element_type=\"widget\" data-widget_type=\"heading.default\">\n\t\t\t\t<div class=\"elementor-widget-container\">\n\t\t\t<h2 class=\"elementor-heading-title elementor-size-default\">Reservations<\/h2>\t\t<\/div>\n\t\t\t\t<\/div>\n\t\t\t\t<div class=\"elementor-element elementor-element-d7682f7 elementor-widget elementor-widget-text-editor\" data-id=\"d7682f7\" data-element_type=\"widget\" data-widget_type=\"text-editor.default\">\n\t\t\t\t<div class=\"elementor-widget-container\">\n\t\t\t\t\t\t\t<p><span>The management reserves the right to dispose of and pass on course places that have not been paid for before the start of the course. If the minimum number of 3 participants is not reached, the course can only be held with an increase in the course fee. We also reserve the right to make changes to the course program, price adjustments and the General Terms and Conditions.<\/span><\/p>\t\t\t\t\t\t<\/div>\n\t\t\t\t<\/div>\n\t\t\t\t<div class=\"elementor-element elementor-element-9efe78e elementor-widget__width-initial elementor-widget elementor-widget-heading\" data-id=\"9efe78e\" data-element_type=\"widget\" data-widget_type=\"heading.default\">\n\t\t\t\t<div class=\"elementor-widget-container\">\n\t\t\t<h2 class=\"elementor-heading-title elementor-size-default\">Terms of payment<\/h2>\t\t<\/div>\n\t\t\t\t<\/div>\n\t\t\t\t<div class=\"elementor-element elementor-element-4b3b745 elementor-widget elementor-widget-text-editor\" data-id=\"4b3b745\" data-element_type=\"widget\" data-widget_type=\"text-editor.default\">\n\t\t\t\t<div class=\"elementor-widget-container\">\n\t\t\t\t\t\t\t<p><span>The course fee must be paid before the start of the course. If desired, this can also be paid in a maximum of 3 installments. However, a fee of CHF 5 per installment will be charged.<\/span><\/p>\t\t\t\t\t\t<\/div>\n\t\t\t\t<\/div>\n\t\t\t\t<div class=\"elementor-element elementor-element-1af8eb9 elementor-widget__width-initial elementor-widget elementor-widget-heading\" data-id=\"1af8eb9\" data-element_type=\"widget\" data-widget_type=\"heading.default\">\n\t\t\t\t<div class=\"elementor-widget-container\">\n\t\t\t<h2 class=\"elementor-heading-title elementor-size-default\">Legal venue<\/h2>\t\t<\/div>\n\t\t\t\t<\/div>\n\t\t\t\t<div class=\"elementor-element elementor-element-3a654ed elementor-widget elementor-widget-text-editor\" data-id=\"3a654ed\" data-element_type=\"widget\" data-widget_type=\"text-editor.default\">\n\t\t\t\t<div class=\"elementor-widget-container\">\n\t\t\t\t\t\t\t<p><span>Swiss law applies to all legal relationships. The place of jurisdiction is Zurich.<\/span><\/p>\t\t\t\t\t\t<\/div>\n\t\t\t\t<\/div>\n\t\t\t\t\t<\/div>\n\t\t<\/div>\n\t\t\t\t\t<\/div>\n\t\t<\/section>\n\t\t\t\t<\/div>","protected":false},"excerpt":{"rendered":"<p>Allgemeine Gesch\u00e4ftsbedingungen Geltungsbereich Diese allgemeinen Gesch\u00e4ftsbedingungen kommen bei allen Angeboten von Germancube\/LanguageCube\/LearningCube zur Geltung. Als rechtsg\u00fcltige Anmeldung gilt das von <\/p>","protected":false},"author":1,"featured_media":0,"parent":0,"menu_order":0,"comment_status":"closed","ping_status":"open","template":"","meta":{"_acf_changed":false,"om_disable_all_campaigns":false,"_monsterinsights_skip_tracking":false,"_monsterinsights_sitenote_active":false,"_monsterinsights_sitenote_note":"","_monsterinsights_sitenote_category":0,"_uf_show_specific_survey":0,"_uf_disable_surveys":false,"footnotes":""},"class_list":["post-5734","page","type-page","status-publish","hentry"],"acf":[],"yoast_head":"<!-- This site is optimized with the Yoast SEO plugin v22.4 - https:\/\/yoast.com\/wordpress\/plugins\/seo\/ -->\n<title>LearningCube \u2013 Allgemeine Gesch\u00e4ftsbedingungen<\/title>\n<meta name=\"description\" content=\"Erfahre alles \u00fcber unsere Allgemeinen Gesch\u00e4ftsbedingungen: transparent, verst\u00e4ndlich und kundenorientiert. Deine Zufriedenheit steht an erster Stelle!\" \/>\n<meta name=\"robots\" content=\"index, follow, max-snippet:-1, max-image-preview:large, max-video-preview:-1\" \/>\n<link rel=\"canonical\" href=\"https:\/\/www.learningcube.ch\/en\/agb\/\" \/>\n<meta property=\"og:locale\" content=\"en_GB\" \/>\n<meta property=\"og:type\" content=\"article\" \/>\n<meta property=\"og:title\" content=\"LearningCube \u2013 Allgemeine Gesch\u00e4ftsbedingungen\" \/>\n<meta property=\"og:description\" content=\"Erfahre alles \u00fcber unsere Allgemeinen Gesch\u00e4ftsbedingungen: transparent, verst\u00e4ndlich und kundenorientiert. Deine Zufriedenheit steht an erster Stelle!\" \/>\n<meta property=\"og:url\" content=\"https:\/\/www.learningcube.ch\/en\/agb\/\" \/>\n<meta property=\"og:site_name\" content=\"LearningCube\" \/>\n<meta property=\"article:modified_time\" content=\"2024-04-17T13:25:01+00:00\" \/>\n<meta name=\"twitter:card\" content=\"summary_large_image\" \/>\n<meta name=\"twitter:label1\" content=\"Estimated reading time\" \/>\n\t<meta name=\"twitter:data1\" content=\"2 minutes\" \/>\n<script type=\"application\/ld+json\" class=\"yoast-schema-graph\">{\"@context\":\"https:\/\/schema.org\",\"@graph\":[{\"@type\":\"WebPage\",\"@id\":\"https:\/\/www.learningcube.ch\/agb\/\",\"url\":\"https:\/\/www.learningcube.ch\/agb\/\",\"name\":\"LearningCube \u2013 Allgemeine Gesch\u00e4ftsbedingungen\",\"isPartOf\":{\"@id\":\"https:\/\/www.learningcube.ch\/#website\"},\"datePublished\":\"2024-04-08T07:33:07+00:00\",\"dateModified\":\"2024-04-17T13:25:01+00:00\",\"description\":\"Erfahre alles \u00fcber unsere Allgemeinen Gesch\u00e4ftsbedingungen: transparent, verst\u00e4ndlich und kundenorientiert. Deine Zufriedenheit steht an erster Stelle!\",\"breadcrumb\":{\"@id\":\"https:\/\/www.learningcube.ch\/agb\/#breadcrumb\"},\"inLanguage\":\"en-GB\",\"potentialAction\":[{\"@type\":\"ReadAction\",\"target\":[\"https:\/\/www.learningcube.ch\/agb\/\"]}]},{\"@type\":\"BreadcrumbList\",\"@id\":\"https:\/\/www.learningcube.ch\/agb\/#breadcrumb\",\"itemListElement\":[{\"@type\":\"ListItem\",\"position\":1,\"name\":\"Startseite\",\"item\":\"https:\/\/www.learningcube.ch\/\"},{\"@type\":\"ListItem\",\"position\":2,\"name\":\"AGB\"}]},{\"@type\":\"WebSite\",\"@id\":\"https:\/\/www.learningcube.ch\/#website\",\"url\":\"https:\/\/www.learningcube.ch\/\",\"name\":\"LearningCube\",\"description\":\"Dein Lernziel im Fokus\",\"potentialAction\":[{\"@type\":\"SearchAction\",\"target\":{\"@type\":\"EntryPoint\",\"urlTemplate\":\"https:\/\/www.learningcube.ch\/?s={search_term_string}\"},\"query-input\":\"required name=search_term_string\"}],\"inLanguage\":\"en-GB\"}]}<\/script>\n<!-- \/ Yoast SEO plugin. -->","yoast_head_json":{"title":"LearningCube \u2013 Allgemeine Gesch\u00e4ftsbedingungen","description":"Erfahre alles \u00fcber unsere Allgemeinen Gesch\u00e4ftsbedingungen: transparent, verst\u00e4ndlich und kundenorientiert. Deine Zufriedenheit steht an erster Stelle!","robots":{"index":"index","follow":"follow","max-snippet":"max-snippet:-1","max-image-preview":"max-image-preview:large","max-video-preview":"max-video-preview:-1"},"canonical":"https:\/\/www.learningcube.ch\/en\/agb\/","og_locale":"en_GB","og_type":"article","og_title":"LearningCube \u2013 Allgemeine Gesch\u00e4ftsbedingungen","og_description":"Erfahre alles \u00fcber unsere Allgemeinen Gesch\u00e4ftsbedingungen: transparent, verst\u00e4ndlich und kundenorientiert. Deine Zufriedenheit steht an erster Stelle!","og_url":"https:\/\/www.learningcube.ch\/en\/agb\/","og_site_name":"LearningCube","article_modified_time":"2024-04-17T13:25:01+00:00","twitter_card":"summary_large_image","twitter_misc":{"Estimated reading time":"2 minutes"},"schema":{"@context":"https:\/\/schema.org","@graph":[{"@type":"WebPage","@id":"https:\/\/www.learningcube.ch\/agb\/","url":"https:\/\/www.learningcube.ch\/agb\/","name":"LearningCube \u2013 Allgemeine Gesch\u00e4ftsbedingungen","isPartOf":{"@id":"https:\/\/www.learningcube.ch\/#website"},"datePublished":"2024-04-08T07:33:07+00:00","dateModified":"2024-04-17T13:25:01+00:00","description":"Erfahre alles \u00fcber unsere Allgemeinen Gesch\u00e4ftsbedingungen: transparent, verst\u00e4ndlich und kundenorientiert. Deine Zufriedenheit steht an erster Stelle!","breadcrumb":{"@id":"https:\/\/www.learningcube.ch\/agb\/#breadcrumb"},"inLanguage":"en-GB","potentialAction":[{"@type":"ReadAction","target":["https:\/\/www.learningcube.ch\/agb\/"]}]},{"@type":"BreadcrumbList","@id":"https:\/\/www.learningcube.ch\/agb\/#breadcrumb","itemListElement":[{"@type":"ListItem","position":1,"name":"Startseite","item":"https:\/\/www.learningcube.ch\/"},{"@type":"ListItem","position":2,"name":"AGB"}]},{"@type":"WebSite","@id":"https:\/\/www.learningcube.ch\/#website","url":"https:\/\/www.learningcube.ch\/","name":"LearningCube","description":"Dein Lernziel im Fokus","potentialAction":[{"@type":"SearchAction","target":{"@type":"EntryPoint","urlTemplate":"https:\/\/www.learningcube.ch\/?s={search_term_string}"},"query-input":"required name=search_term_string"}],"inLanguage":"en-GB"}]}},"_links":{"self":[{"href":"https:\/\/www.learningcube.ch\/en\/wp-json\/wp\/v2\/pages\/5734","targetHints":{"allow":["GET"]}}],"collection":[{"href":"https:\/\/www.learningcube.ch\/en\/wp-json\/wp\/v2\/pages"}],"about":[{"href":"https:\/\/www.learningcube.ch\/en\/wp-json\/wp\/v2\/types\/page"}],"author":[{"embeddable":true,"href":"https:\/\/www.learningcube.ch\/en\/wp-json\/wp\/v2\/users\/1"}],"replies":[{"embeddable":true,"href":"https:\/\/www.learningcube.ch\/en\/wp-json\/wp\/v2\/comments?post=5734"}],"version-history":[{"count":76,"href":"https:\/\/www.learningcube.ch\/en\/wp-json\/wp\/v2\/pages\/5734\/revisions"}],"predecessor-version":[{"id":7597,"href":"https:\/\/www.learningcube.ch\/en\/wp-json\/wp\/v2\/pages\/5734\/revisions\/7597"}],"wp:attachment":[{"href":"https:\/\/www.learningcube.ch\/en\/wp-json\/wp\/v2\/media?parent=5734"}],"curies":[{"name":"wp","href":"https:\/\/api.w.org\/{rel}","templated":true}]}}